{"id":700,"date":"2023-04-25T07:03:33","date_gmt":"2023-04-25T07:03:33","guid":{"rendered":"https:\/\/nuri.kekoa-dev.ch\/datenschutz\/"},"modified":"2023-08-12T13:29:04","modified_gmt":"2023-08-12T13:29:04","slug":"protection-des-donnees","status":"publish","type":"page","link":"https:\/\/nuri.kekoa-dev.ch\/fr\/protection-des-donnees\/","title":{"rendered":"Protection des donn\u00e9es"},"content":{"rendered":"<p>[et_pb_section fb_built=\u00a0\u00bb1&Prime; prev_background_color=\u00a0\u00bbRGBA(255,255,255,0)\u00a0\u00bb next_background_color=\u00a0\u00bb#ffffff\u00a0\u00bb admin_label=\u00a0\u00bbAbout\u00a0\u00bb _builder_version=\u00a0\u00bb4.20.4&Prime; _module_preset=\u00a0\u00bbdefault\u00a0\u00bb background_color=\u00a0\u00bb#f4dc7a\u00a0\u00bb background_enable_image=\u00a0\u00bboff\u00a0\u00bb background_size=\u00a0\u00bbinitial\u00a0\u00bb background_position=\u00a0\u00bbbottom_center\u00a0\u00bb background_vertical_offset=\u00a0\u00bb32%\u00a0\u00bb custom_margin=\u00a0\u00bb||||false|false\u00a0\u00bb custom_padding=\u00a0\u00bb0px||||false|false\u00a0\u00bb top_divider_style=\u00a0\u00bbwave\u00a0\u00bb bottom_divider_style=\u00a0\u00bbwave\u00a0\u00bb hover_enabled=\u00a0\u00bb0&Prime; global_colors_info=\u00a0\u00bb{}\u00a0\u00bb sticky_enabled=\u00a0\u00bb0&Prime;][et_pb_row column_structure=\u00a0\u00bb1_2,1_2&Prime; _builder_version=\u00a0\u00bb4.19.5&Prime; _module_preset=\u00a0\u00bbdefault\u00a0\u00bb global_colors_info=\u00a0\u00bb{}\u00a0\u00bb][et_pb_column type=\u00a0\u00bb1_2&Prime; _builder_version=\u00a0\u00bb4.16&Prime; _module_preset=\u00a0\u00bbdefault\u00a0\u00bb global_colors_info=\u00a0\u00bb{}\u00a0\u00bb][et_pb_text _builder_version=\u00a0\u00bb4.20.4&Prime; _module_preset=\u00a0\u00bbdefault\u00a0\u00bb header_font_size=\u00a0\u00bb60px\u00a0\u00bb overflow-x=\u00a0\u00bbhidden\u00a0\u00bb overflow-y=\u00a0\u00bbhidden\u00a0\u00bb custom_margin_tablet=\u00a0\u00bb\u00a0\u00bb custom_margin_phone=\u00a0\u00bb||||false|false\u00a0\u00bb custom_margin_last_edited=\u00a0\u00bbon|phone\u00a0\u00bb custom_padding=\u00a0\u00bb100px||||false|false\u00a0\u00bb global_colors_info=\u00a0\u00bb{}\u00a0\u00bb]<\/p>\n<h1 style=\"text-align: left;\">Protection des donn\u00e9es<\/h1>\n<p>[\/et_pb_text][et_pb_divider show_divider=\u00a0\u00bboff\u00a0\u00bb _builder_version=\u00a0\u00bb4.20.4&Prime; _module_preset=\u00a0\u00bbdefault\u00a0\u00bb global_colors_info=\u00a0\u00bb{}\u00a0\u00bb][\/et_pb_divider][\/et_pb_column][et_pb_column type=\u00a0\u00bb1_2&Prime; _builder_version=\u00a0\u00bb4.16&Prime; _module_preset=\u00a0\u00bbdefault\u00a0\u00bb global_colors_info=\u00a0\u00bb{}\u00a0\u00bb][et_pb_divider show_divider=\u00a0\u00bboff\u00a0\u00bb _builder_version=\u00a0\u00bb4.19.5&Prime; _module_preset=\u00a0\u00bbdefault\u00a0\u00bb global_colors_info=\u00a0\u00bb{}\u00a0\u00bb][\/et_pb_divider][et_pb_divider show_divider=\u00a0\u00bboff\u00a0\u00bb _builder_version=\u00a0\u00bb4.19.5&Prime; _module_preset=\u00a0\u00bbdefault\u00a0\u00bb global_colors_info=\u00a0\u00bb{}\u00a0\u00bb][\/et_pb_divider][et_pb_divider show_divider=\u00a0\u00bboff\u00a0\u00bb _builder_version=\u00a0\u00bb4.19.5&Prime; _module_preset=\u00a0\u00bbdefault\u00a0\u00bb global_colors_info=\u00a0\u00bb{}\u00a0\u00bb][\/et_pb_divider][et_pb_divider show_divider=\u00a0\u00bboff\u00a0\u00bb _builder_version=\u00a0\u00bb4.19.5&Prime; _module_preset=\u00a0\u00bbdefault\u00a0\u00bb global_colors_info=\u00a0\u00bb{}\u00a0\u00bb][\/et_pb_divider][\/et_pb_column][\/et_pb_row][\/et_pb_section][et_pb_section fb_built=\u00a0\u00bb1&Prime; admin_label=\u00a0\u00bbFAQ\u00a0\u00bb module_id=\u00a0\u00bbbfh\u00a0\u00bb _builder_version=\u00a0\u00bb4.20.4&Prime; _module_preset=\u00a0\u00bbdefault\u00a0\u00bb background_enable_color=\u00a0\u00bboff\u00a0\u00bb custom_margin=\u00a0\u00bb||||false|false\u00a0\u00bb custom_padding=\u00a0\u00bb||5vw||false|false\u00a0\u00bb global_colors_info=\u00a0\u00bb{%22gcid-bafd0c31-2a11-4c7d-b3a8-caae4a4218d9%22:%91%22background_color%22%93}\u00a0\u00bb][et_pb_row _builder_version=\u00a0\u00bb4.20.4&Prime; _module_preset=\u00a0\u00bbdefault\u00a0\u00bb global_colors_info=\u00a0\u00bb{}\u00a0\u00bb][et_pb_column type=\u00a0\u00bb4_4&Prime; _builder_version=\u00a0\u00bb4.20.4&Prime; _module_preset=\u00a0\u00bbdefault\u00a0\u00bb global_colors_info=\u00a0\u00bb{}\u00a0\u00bb][et_pb_text _builder_version=\u00a0\u00bb4.20.4&Prime; _module_preset=\u00a0\u00bbdf96b77a-cd4f-44a8-a771-2d6347592b53&Prime; header_2_font=\u00a0\u00bb|700|||||||\u00a0\u00bb header_2_text_align=\u00a0\u00bbcenter\u00a0\u00bb header_2_text_color=\u00a0\u00bb#15414a\u00a0\u00bb header_2_font_size=\u00a0\u00bb35px\u00a0\u00bb header_2_line_height=\u00a0\u00bb1.1em\u00a0\u00bb custom_margin=\u00a0\u00bb||10px||false|false\u00a0\u00bb header_2_font_size_tablet=\u00a0\u00bb32px\u00a0\u00bb header_2_font_size_phone=\u00a0\u00bb35px\u00a0\u00bb header_2_font_size_last_edited=\u00a0\u00bbon|desktop\u00a0\u00bb locked=\u00a0\u00bboff\u00a0\u00bb global_colors_info=\u00a0\u00bb{}\u00a0\u00bb]<\/p>\n<h1 id=\"p0\" class=\"title\">Conditions g\u00e9n\u00e9rales de ventes de Nurissa SA et mentions l\u00e9gales<\/h1>\n<p>[\/et_pb_text][et_pb_text _builder_version=\u00a0\u00bb4.20.4&Prime; _module_preset=\u00a0\u00bbdefault\u00a0\u00bb global_colors_info=\u00a0\u00bb{}\u00a0\u00bb]<\/p>\n<h2>Application\u00a0<\/h2>\n<p>Les conditions g\u00e9n\u00e9rales de ventes de Nurissa SA (ci-apr\u00e8s \u00ab CGV \u00bb) sont applicables \u00e0 l\u2019ensemble des produits et services propos\u00e9s par Nurissa SA (ci-apr\u00e8s \u00ab Nurissa \u00bb). Les CGV sont r\u00e9put\u00e9es accept\u00e9es par le client une fois la commande valid\u00e9e ou transmise \u00e0 Nurissa.<\/p>\n<h2>Livraison<\/h2>\n<p>Les articles propos\u00e9s dans notre assortiment sont g\u00e9n\u00e9ralement livrables par Nurissa ou par un prestataire mandat\u00e9 par Nurissa ou peuvent \u00eatre r\u00e9cup\u00e9r\u00e9s par le client chez Nurissa. Nurissa ne peut \u00eatre tenu responsable de retards de livraison.<\/p>\n<p>D\u00e8s CHF 150.00 (hors TVA) les commandes sont livr\u00e9es franco domicile. Pour les commandes d\u2019un montant inf\u00e9rieur \u00e0 CHF 150.00 (hors TVA) les frais de livraison et d\u2019emballage sont factur\u00e9s au client en fonction du mode de livraison s\u00e9lectionn\u00e9 par le client selon les tarifs indiqu\u00e9s sur le site internet www.nurissa.ch .<\/p>\n<p>Nurissa SA se r\u00e9serve le droit de modifier le mode de livraison au client. Pour les livraisons \u00e0 l\u2019\u00e9tranger, une tarification sp\u00e9ciale est appliqu\u00e9e par Nurissa.<\/p>\n<p>Pour les nouveaux clients et les clients existants, Nurissa se r\u00e9serve le droit de v\u00e9rifier leur solvabilit\u00e9 et d\u2019exiger, le cas \u00e9ch\u00e9ant, un paiement d\u2019avance. De plus, les exp\u00e9riences de paiement peuvent \u00eatre communiqu\u00e9es \u00e0 des tiers.<\/p>\n<h2>Prix\u00a0<\/h2>\n<p>Les prix affich\u00e9s sont indiqu\u00e9s hors TVA. Le taux de TVA d\u00e9pend de la cat\u00e9gorie du produit ou du service. Nurissa applique les taux TVA en vigueur.<\/p>\n<p>Nurissa se r\u00e9serve le droit de modifier le prix affich\u00e9 en fonction de l\u2019\u00e9volution du march\u00e9 et des tarifications de nos fournisseurs.<\/p>\n<h2>Paiement\u00a0<\/h2>\n<p>Les factures sont payables dans les 30 jours sauf conditions contraires convenues avec le client. En cas de non-respect du d\u00e9lai de paiement, Nurissa se r\u00e9serve le droit d\u2019exiger des int\u00e9r\u00eats moratoires de 7 % ainsi que des frais de rappel.<\/p>\n<h2>Transfert de propri\u00e9t\u00e9\u00a0<\/h2>\n<p>Les marchandises livr\u00e9es restent propri\u00e9t\u00e9 de Nurissa jusqu\u2019au paiement int\u00e9gral des factures correspondantes.<\/p>\n<h2>Garantie\u00a0<\/h2>\n<p>La dur\u00e9e de garantie des produits non-consommables est indiqu\u00e9e dans la documentation de vente. La garantie d\u00e9bute \u00e0 la date d\u2019installation ou de livraison des produits. Pour faire valoir la garantie, le client doit remettre \u00e0 Nurissa le produit d\u00e9fectueux, le bulletin de livraison et la facture. Nurissa ne r\u00e9pond pas des dommages engendr\u00e9s par la livraison ou par des manipulations du client, de m\u00eame que de l\u2019usure normale et des dommages engendr\u00e9s par l\u2019entretien.<\/p>\n<h2>Produits consommables\u00a0<\/h2>\n<p>Les produits consommables ne peuvent \u00eatre command\u00e9s pour examen et sont exclus du droit de retour.<\/p>\n<h2>R\u00e9clamations et retours de produits\u00a0<\/h2>\n<p>Les produits peuvent \u00eatre retourn\u00e9s \u00e0 Nurissa dans les cinq jours suivant la date du bulletin de livraison uniquement s\u2019ils ne correspondent pas aux produits command\u00e9s ou propos\u00e9s par Nurissa.<\/p>\n<p>Les produits retourn\u00e9s doivent \u00eatre remis dans un parfait \u00e9tat et dans leur emballage d\u2019origine, ils doivent \u00eatre complets et en parfait \u00e9tat de fonctionnement. Une copie du bulletin de livraison et l\u2019original de la facture doivent \u00eatre remis \u00e0 Nurissa.<\/p>\n<p>Nurissa se r\u00e9serve le droit de ne pas accepter les produits retourn\u00e9s si ces conditions ne sont pas remplies ou en pr\u00e9sence d\u2019un abus de droit par le client.<\/p>\n<h2>Offres sur le site internet\u00a0<\/h2>\n<p>Nurissa ne garantit les produits indiqu\u00e9s sur son site internet www.nurissa.ch que dans la limite des stocks disponibles et de la validit\u00e9 des offres.<\/p>\n<h2>Propri\u00e9t\u00e9 intellectuelle\u00a0<\/h2>\n<p>Le pr\u00e9sent site Internet est la propri\u00e9t\u00e9 de :<br \/>Nurissa SA<br \/>10, Rue Johann-Renfer<br \/>2500 Biel\/Bienne 8<br \/>T\u00e9l central : +41 32 344 88 44<br \/>Fax central : +41 32 344 88 55<br \/>e-mail central : info@nurissa.ch<\/p>\n<p>L\u2019ensemble du contenu du site internet www.nurissa.ch est prot\u00e9g\u00e9 par les droits d\u2019auteur. Nurissa conserve tous les droits de propri\u00e9t\u00e9. Toutes illustrations de produits et tous documents pr\u00e9sent\u00e9s sur le pr\u00e9sent site sont la propri\u00e9t\u00e9 de Nurissa et ne peuvent \u00eatre copi\u00e9s, reproduits ou enregistr\u00e9s, sauf consentement explicite de Nurissa.<\/p>\n<h2>Responsabilit\u00e9\u00a0<\/h2>\n<p>Nurissa n&rsquo;est pas responsable d&rsquo;\u00e9ventuels virus ou logiciels malveillants qui appara\u00eetraient sur le site de www.nurissa.ch en d\u00e9pit des mesures de contr\u00f4le appliqu\u00e9es.<\/p>\n<h2>Protection des donn\u00e9es\u00a0<\/h2>\n<p>Pour Nurissa, la protection et la s\u00e9curit\u00e9 des donn\u00e9es rel\u00e8vent d&rsquo;une grande importance. Toutes les donn\u00e9es personnelles sont trait\u00e9es conform\u00e9ment aux dispositions l\u00e9gales suisses applicables en mati\u00e8re de protection des donn\u00e9es.<\/p>\n<p>L\u00e9gislation applicable et tribunaux comp\u00e9tents :<br \/>Le droit suisse est applicable au pr\u00e9sent site Internet et aux pr\u00e9sentes Conditions G\u00e9n\u00e9rales. En cas de litige, le for juridique est au si\u00e8ge principal de Nurissa SA.<\/p>\n<p>En cas de litige, la version fran\u00e7aise des CGV et des Mentions l\u00e9gales de Nurissa SA fait foi.<\/p>\n<p>&nbsp;<\/p>\n<p>[\/et_pb_text][\/et_pb_column][\/et_pb_row][\/et_pb_section]<\/p>\n","protected":false},"excerpt":{"rendered":"<p>Protection des donn\u00e9esConditions g\u00e9n\u00e9rales de ventes de Nurissa SA et mentions l\u00e9galesApplication\u00a0 Les conditions g\u00e9n\u00e9rales de ventes de Nurissa SA (ci-apr\u00e8s \u00ab CGV \u00bb) sont applicables \u00e0 l\u2019ensemble des produits et services propos\u00e9s par Nurissa SA (ci-apr\u00e8s \u00ab Nurissa \u00bb). Les CGV sont r\u00e9put\u00e9es accept\u00e9es par le client une fois la commande valid\u00e9e ou transmise [&hellip;]<\/p>\n","protected":false},"author":1,"featured_media":0,"parent":0,"menu_order":0,"comment_status":"closed","ping_status":"closed","template":"","meta":{"_et_pb_use_builder":"on","_et_pb_old_content":"","_et_gb_content_width":"","footnotes":""},"class_list":["post-700","page","type-page","status-publish","hentry"],"_links":{"self":[{"href":"https:\/\/nuri.kekoa-dev.ch\/fr\/wp-json\/wp\/v2\/pages\/700","targetHints":{"allow":["GET"]}}],"collection":[{"href":"https:\/\/nuri.kekoa-dev.ch\/fr\/wp-json\/wp\/v2\/pages"}],"about":[{"href":"https:\/\/nuri.kekoa-dev.ch\/fr\/wp-json\/wp\/v2\/types\/page"}],"author":[{"embeddable":true,"href":"https:\/\/nuri.kekoa-dev.ch\/fr\/wp-json\/wp\/v2\/users\/1"}],"replies":[{"embeddable":true,"href":"https:\/\/nuri.kekoa-dev.ch\/fr\/wp-json\/wp\/v2\/comments?post=700"}],"version-history":[{"count":12,"href":"https:\/\/nuri.kekoa-dev.ch\/fr\/wp-json\/wp\/v2\/pages\/700\/revisions"}],"predecessor-version":[{"id":1141,"href":"https:\/\/nuri.kekoa-dev.ch\/fr\/wp-json\/wp\/v2\/pages\/700\/revisions\/1141"}],"wp:attachment":[{"href":"https:\/\/nuri.kekoa-dev.ch\/fr\/wp-json\/wp\/v2\/media?parent=700"}],"curies":[{"name":"wp","href":"https:\/\/api.w.org\/{rel}","templated":true}]}}